{"id":74,"date":"2020-04-20T22:08:18","date_gmt":"2020-04-21T03:08:18","guid":{"rendered":"https:\/\/www.alcentroceramica.com\/tienda\/producto\/set-tazas-cilindro\/"},"modified":"2026-03-05T17:18:41","modified_gmt":"2026-03-05T23:18:41","slug":"set-tazas-cilindro","status":"publish","type":"product","link":"https:\/\/www.alcentroceramica.com\/tienda\/producto\/set-tazas-cilindro\/","title":{"rendered":"SET TAZAS CILINDRO"},"content":{"rendered":"<h2 style=\"text-align: center;\" data-start=\"302\" data-end=\"373\">Tazas de Cer\u00e1mica Cilindro<\/h2>\n<p data-start=\"375\" data-end=\"875\">Descubre el <strong data-start=\"387\" data-end=\"415\">set de tazas de cer\u00e1mica<\/strong> cil\u00edndricas, una colecci\u00f3n artesanal dise\u00f1ada para enriquecer tus momentos de caf\u00e9, t\u00e9 o cualquier bebida caliente o fr\u00eda. Cada una de estas <strong data-start=\"557\" data-end=\"578\">tazas de cer\u00e1mica<\/strong> est\u00e1 hecha a mano con atenci\u00f3n a los detalles, combinando funcionalidad, durabilidad y est\u00e9tica contempor\u00e1nea. Su forma cil\u00edndrica y acabado esmaltado interior hace que cada sorbo sea m\u00e1s c\u00f3modo y placentero, manteniendo la temperatura adecuada de tu bebida.<\/p>\n<p data-start=\"877\" data-end=\"1343\">Las <strong data-start=\"881\" data-end=\"902\">tazas de cer\u00e1mica<\/strong> son una opci\u00f3n superior a otros materiales por su calidad, resistencia y su capacidad de <strong data-start=\"992\" data-end=\"1015\">no alterar el sabor<\/strong> de tus bebidas, permiti\u00e9ndote disfrutar del aroma y matices \u00fanicos de cada preparaci\u00f3n. Adem\u00e1s, su superficie esmaltada es f\u00e1cil de limpiar y apta para uso diario, lo que convierte este set en una pieza indispensable en tu cocina o para regalar a quienes aprecian la cer\u00e1mica hecha a mano.<\/p>\n<p data-start=\"1345\" data-end=\"1376\"><strong data-start=\"1345\" data-end=\"1376\">Caracter\u00edsticas destacadas:<\/strong><\/p>\n<ul data-start=\"1377\" data-end=\"1850\">\n<li data-start=\"1377\" data-end=\"1477\">\n<p data-start=\"1379\" data-end=\"1477\">Juego de tazas con formas cil\u00edndricas, hechas a mano y esmaltadas para un acabado elegante.<\/p>\n<\/li>\n<li data-start=\"1478\" data-end=\"1558\">\n<p data-start=\"1480\" data-end=\"1558\">Ideal para caf\u00e9, t\u00e9, chocolate caliente y otras bebidas en tu rutina diaria.<\/p>\n<\/li>\n<li data-start=\"1559\" data-end=\"1682\">\n<p data-start=\"1561\" data-end=\"1682\">Material de cer\u00e1mica natural que conserva mejor el calor y no altera los sabores.<\/p>\n<\/li>\n<li data-start=\"1683\" data-end=\"1775\">\n<p data-start=\"1685\" data-end=\"1775\">Dise\u00f1o vers\u00e1til que combina con estilos de decoraci\u00f3n minimalistas, r\u00fasticos y modernos.<\/p>\n<\/li>\n<li data-start=\"1776\" data-end=\"1850\">\n<p data-start=\"1778\" data-end=\"1850\">Set perfecto como regalo funcional y est\u00e9tico para ocasiones especiales.<\/p>\n<\/li>\n<\/ul>\n<p data-start=\"1852\" data-end=\"2056\">Estas <strong data-start=\"1858\" data-end=\"1879\">tazas de cer\u00e1mica<\/strong> fusionan lo artesanal con lo pr\u00e1ctico, aportando calidez, durabilidad y estilo a tu mesa cada d\u00eda, convirti\u00e9ndose en un complemento esencial para tu hogar o espacio de trabajo.<\/p>\n","protected":false},"excerpt":{"rendered":"<p>Set de 4 tazas cilindro fabricadas artesanalmente en cer\u00e1mica con acabado natural y esmaltadas en el interior para su funcionalidad e impermeabilidad.<\/p>\n<p>Medidas aproximadas: <span data-sheets-value=\"{&quot;1&quot;:2,&quot;2&quot;:&quot;7.5 cm diam x 11.5 cm altura &quot;}\" data-sheets-userformat=\"{&quot;2&quot;:14911,&quot;3&quot;:{&quot;1&quot;:0},&quot;4&quot;:{&quot;1&quot;:2,&quot;2&quot;:16777215},&quot;5&quot;:{&quot;1&quot;:[{&quot;1&quot;:2,&quot;2&quot;:0,&quot;5&quot;:{&quot;1&quot;:2,&quot;2&quot;:10066329}},{&quot;1&quot;:0,&quot;2&quot;:0,&quot;3&quot;:3},{&quot;1&quot;:1,&quot;2&quot;:0,&quot;4&quot;:1}]},&quot;6&quot;:{&quot;1&quot;:[{&quot;1&quot;:2,&quot;2&quot;:0,&quot;5&quot;:{&quot;1&quot;:2,&quot;2&quot;:10066329}},{&quot;1&quot;:0,&quot;2&quot;:0,&quot;3&quot;:3},{&quot;1&quot;:1,&quot;2&quot;:0,&quot;4&quot;:1}]},&quot;7&quot;:{&quot;1&quot;:[{&quot;1&quot;:2,&quot;2&quot;:0,&quot;5&quot;:{&quot;1&quot;:2,&quot;2&quot;:10066329}},{&quot;1&quot;:0,&quot;2&quot;:0,&quot;3&quot;:3},{&quot;1&quot;:1,&quot;2&quot;:0,&quot;4&quot;:1}]},&quot;8&quot;:{&quot;1&quot;:[{&quot;1&quot;:2,&quot;2&quot;:0,&quot;5&quot;:{&quot;1&quot;:2,&quot;2&quot;:10066329}},{&quot;1&quot;:0,&quot;2&quot;:0,&quot;3&quot;:3},{&quot;1&quot;:1,&quot;2&quot;:0,&quot;4&quot;:1}]},&quot;12&quot;:0,&quot;14&quot;:{&quot;1&quot;:2,&quot;2&quot;:0},&quot;15&quot;:&quot;Roboto&quot;,&quot;16&quot;:12}\">7.5 cm diam x 11.5 cm altura <\/span><\/p>\n<p>Capacidad: 400ml<\/p>\n<p>Peso: .30 kg<\/p>\n<p>Color: Terracota Claro<\/p>\n<p>&nbsp;<\/p>\n<p><strong>PRODUCTO SOBRE PEDIDO \/ TIEMPO DE ENTREGA DE 4 A 6 SEMANAS. <\/strong><\/p>\n<p>Para mayor informaci\u00f3n hola@alcentroceramica.com<\/p>\n","protected":false},"featured_media":2483,"comment_status":"open","ping_status":"closed","template":"","meta":{"_links_to":"","_links_to_target":""},"product_brand":[],"product_cat":[40,22],"product_tag":[],"woo-feed-brand":[],"class_list":{"0":"post-74","1":"product","2":"type-product","3":"status-publish","4":"has-post-thumbnail","6":"product_cat-linea-terracota","7":"product_cat-tazas","8":"product_shipping_class-d","9":"pa_color-terracota-claro","11":"first","12":"instock","13":"featured","14":"shipping-taxable","15":"purchasable","16":"product-type-simple"},"yoast_head":"<!-- This site is optimized with the Yoast SEO plugin v27.1.1 - https:\/\/yoast.com\/product\/yoast-seo-wordpress\/ -->\n<title>SET TAZAS CILINDRO - Al Centro Cer&aacute;mica<\/title>\n<meta name=\"description\" content=\"Set de tazas de cer\u00e1mica cil\u00edndricas hechas a mano con acabado esmaltado. Perfectas para caf\u00e9, t\u00e9 y otras bebidas. Dise\u00f1o artesanal y funcional.\" \/>\n<meta name=\"robots\" content=\"index, follow, max-snippet:-1, max-image-preview:large, max-video-preview:-1\" \/>\n<link rel=\"canonical\" href=\"https:\/\/www.alcentroceramica.com\/tienda\/producto\/set-tazas-cilindro\/\" \/>\n<meta property=\"og:locale\" content=\"es_ES\" \/>\n<meta property=\"og:type\" content=\"article\" \/>\n<meta property=\"og:title\" content=\"SET TAZAS CILINDRO - Al Centro Cer&aacute;mica\" \/>\n<meta property=\"og:description\" content=\"Set de tazas de cer\u00e1mica cil\u00edndricas hechas a mano con acabado esmaltado. Perfectas para caf\u00e9, t\u00e9 y otras bebidas. Dise\u00f1o artesanal y funcional.\" \/>\n<meta property=\"og:url\" content=\"https:\/\/www.alcentroceramica.com\/tienda\/producto\/set-tazas-cilindro\/\" \/>\n<meta property=\"og:site_name\" content=\"Al Centro Cer&aacute;mica\" \/>\n<meta property=\"article:publisher\" content=\"https:\/\/www.facebook.com\/alcentro.ceramica\/\" \/>\n<meta property=\"article:modified_time\" content=\"2026-03-05T23:18:41+00:00\" \/>\n<meta property=\"og:image\" content=\"https:\/\/www.alcentroceramica.com\/tienda\/wp-content\/uploads\/2020\/04\/AL_CENTRO_H-100.jpg\" \/>\n\t<meta property=\"og:image:width\" content=\"1024\" \/>\n\t<meta property=\"og:image:height\" content=\"682\" \/>\n\t<meta property=\"og:image:type\" content=\"image\/jpeg\" \/>\n<meta name=\"twitter:card\" content=\"summary_large_image\" \/>\n<meta name=\"twitter:label1\" content=\"Tiempo de lectura\" \/>\n\t<meta name=\"twitter:data1\" content=\"2 minutos\" \/>\n<script type=\"application\/ld+json\" class=\"yoast-schema-graph\">{\"@context\":\"https:\/\/schema.org\",\"@graph\":[{\"@type\":\"WebPage\",\"@id\":\"https:\/\/www.alcentroceramica.com\/tienda\/producto\/set-tazas-cilindro\/\",\"url\":\"https:\/\/www.alcentroceramica.com\/tienda\/producto\/set-tazas-cilindro\/\",\"name\":\"SET TAZAS CILINDRO - Al Centro Cer&aacute;mica\",\"isPartOf\":{\"@id\":\"https:\/\/www.alcentroceramica.com\/tienda\/#website\"},\"primaryImageOfPage\":{\"@id\":\"https:\/\/www.alcentroceramica.com\/tienda\/producto\/set-tazas-cilindro\/#primaryimage\"},\"image\":{\"@id\":\"https:\/\/www.alcentroceramica.com\/tienda\/producto\/set-tazas-cilindro\/#primaryimage\"},\"thumbnailUrl\":\"https:\/\/www.alcentroceramica.com\/tienda\/wp-content\/uploads\/2020\/04\/AL_CENTRO_H-100.jpg\",\"datePublished\":\"2020-04-21T03:08:18+00:00\",\"dateModified\":\"2026-03-05T23:18:41+00:00\",\"description\":\"Set de tazas de cer\u00e1mica cil\u00edndricas hechas a mano con acabado esmaltado. Perfectas para caf\u00e9, t\u00e9 y otras bebidas. Dise\u00f1o artesanal y funcional.\",\"breadcrumb\":{\"@id\":\"https:\/\/www.alcentroceramica.com\/tienda\/producto\/set-tazas-cilindro\/#breadcrumb\"},\"inLanguage\":\"es\",\"potentialAction\":[{\"@type\":\"ReadAction\",\"target\":[\"https:\/\/www.alcentroceramica.com\/tienda\/producto\/set-tazas-cilindro\/\"]}]},{\"@type\":\"ImageObject\",\"inLanguage\":\"es\",\"@id\":\"https:\/\/www.alcentroceramica.com\/tienda\/producto\/set-tazas-cilindro\/#primaryimage\",\"url\":\"https:\/\/www.alcentroceramica.com\/tienda\/wp-content\/uploads\/2020\/04\/AL_CENTRO_H-100.jpg\",\"contentUrl\":\"https:\/\/www.alcentroceramica.com\/tienda\/wp-content\/uploads\/2020\/04\/AL_CENTRO_H-100.jpg\",\"width\":1024,\"height\":682},{\"@type\":\"BreadcrumbList\",\"@id\":\"https:\/\/www.alcentroceramica.com\/tienda\/producto\/set-tazas-cilindro\/#breadcrumb\",\"itemListElement\":[{\"@type\":\"ListItem\",\"position\":1,\"name\":\"Portada\",\"item\":\"https:\/\/www.alcentroceramica.com\/tienda\/\"},{\"@type\":\"ListItem\",\"position\":2,\"name\":\"Tienda\",\"item\":\"https:\/\/www.alcentroceramica.com\/tienda\/\"},{\"@type\":\"ListItem\",\"position\":3,\"name\":\"SET TAZAS CILINDRO\"}]},{\"@type\":\"WebSite\",\"@id\":\"https:\/\/www.alcentroceramica.com\/tienda\/#website\",\"url\":\"https:\/\/www.alcentroceramica.com\/tienda\/\",\"name\":\"Al Centro Cer\u00e1mica\",\"description\":\"Tienda de cer\u00e1mica artesanal mexicana\",\"publisher\":{\"@id\":\"https:\/\/www.alcentroceramica.com\/tienda\/#organization\"},\"potentialAction\":[{\"@type\":\"SearchAction\",\"target\":{\"@type\":\"EntryPoint\",\"urlTemplate\":\"https:\/\/www.alcentroceramica.com\/tienda\/?s={search_term_string}\"},\"query-input\":{\"@type\":\"PropertyValueSpecification\",\"valueRequired\":true,\"valueName\":\"search_term_string\"}}],\"inLanguage\":\"es\"},{\"@type\":\"Organization\",\"@id\":\"https:\/\/www.alcentroceramica.com\/tienda\/#organization\",\"name\":\"Al Centro Cer\u00e1mica\",\"url\":\"https:\/\/www.alcentroceramica.com\/tienda\/\",\"logo\":{\"@type\":\"ImageObject\",\"inLanguage\":\"es\",\"@id\":\"https:\/\/www.alcentroceramica.com\/tienda\/#\/schema\/logo\/image\/\",\"url\":\"https:\/\/www.alcentroceramica.com\/tienda\/wp-content\/uploads\/2021\/12\/cropped-Logotipo_AlCentro.jpg\",\"contentUrl\":\"https:\/\/www.alcentroceramica.com\/tienda\/wp-content\/uploads\/2021\/12\/cropped-Logotipo_AlCentro.jpg\",\"width\":512,\"height\":512,\"caption\":\"Al Centro Cer\u00e1mica\"},\"image\":{\"@id\":\"https:\/\/www.alcentroceramica.com\/tienda\/#\/schema\/logo\/image\/\"},\"sameAs\":[\"https:\/\/www.facebook.com\/alcentro.ceramica\/\",\"https:\/\/www.instagram.com\/alcentro.ceramica\/\",\"https:\/\/mx.pinterest.com\/alcentroceramica\/\"]}]}<\/script>\n<!-- \/ Yoast SEO plugin. -->","yoast_head_json":{"title":"SET TAZAS CILINDRO - Al Centro Cer&aacute;mica","description":"Set de tazas de cer\u00e1mica cil\u00edndricas hechas a mano con acabado esmaltado. Perfectas para caf\u00e9, t\u00e9 y otras bebidas. Dise\u00f1o artesanal y funcional.","robots":{"index":"index","follow":"follow","max-snippet":"max-snippet:-1","max-image-preview":"max-image-preview:large","max-video-preview":"max-video-preview:-1"},"canonical":"https:\/\/www.alcentroceramica.com\/tienda\/producto\/set-tazas-cilindro\/","og_locale":"es_ES","og_type":"article","og_title":"SET TAZAS CILINDRO - Al Centro Cer&aacute;mica","og_description":"Set de tazas de cer\u00e1mica cil\u00edndricas hechas a mano con acabado esmaltado. Perfectas para caf\u00e9, t\u00e9 y otras bebidas. Dise\u00f1o artesanal y funcional.","og_url":"https:\/\/www.alcentroceramica.com\/tienda\/producto\/set-tazas-cilindro\/","og_site_name":"Al Centro Cer&aacute;mica","article_publisher":"https:\/\/www.facebook.com\/alcentro.ceramica\/","article_modified_time":"2026-03-05T23:18:41+00:00","og_image":[{"width":1024,"height":682,"url":"https:\/\/www.alcentroceramica.com\/tienda\/wp-content\/uploads\/2020\/04\/AL_CENTRO_H-100.jpg","type":"image\/jpeg"}],"twitter_card":"summary_large_image","twitter_misc":{"Tiempo de lectura":"2 minutos"},"schema":{"@context":"https:\/\/schema.org","@graph":[{"@type":"WebPage","@id":"https:\/\/www.alcentroceramica.com\/tienda\/producto\/set-tazas-cilindro\/","url":"https:\/\/www.alcentroceramica.com\/tienda\/producto\/set-tazas-cilindro\/","name":"SET TAZAS CILINDRO - Al Centro Cer&aacute;mica","isPartOf":{"@id":"https:\/\/www.alcentroceramica.com\/tienda\/#website"},"primaryImageOfPage":{"@id":"https:\/\/www.alcentroceramica.com\/tienda\/producto\/set-tazas-cilindro\/#primaryimage"},"image":{"@id":"https:\/\/www.alcentroceramica.com\/tienda\/producto\/set-tazas-cilindro\/#primaryimage"},"thumbnailUrl":"https:\/\/www.alcentroceramica.com\/tienda\/wp-content\/uploads\/2020\/04\/AL_CENTRO_H-100.jpg","datePublished":"2020-04-21T03:08:18+00:00","dateModified":"2026-03-05T23:18:41+00:00","description":"Set de tazas de cer\u00e1mica cil\u00edndricas hechas a mano con acabado esmaltado. Perfectas para caf\u00e9, t\u00e9 y otras bebidas. Dise\u00f1o artesanal y funcional.","breadcrumb":{"@id":"https:\/\/www.alcentroceramica.com\/tienda\/producto\/set-tazas-cilindro\/#breadcrumb"},"inLanguage":"es","potentialAction":[{"@type":"ReadAction","target":["https:\/\/www.alcentroceramica.com\/tienda\/producto\/set-tazas-cilindro\/"]}]},{"@type":"ImageObject","inLanguage":"es","@id":"https:\/\/www.alcentroceramica.com\/tienda\/producto\/set-tazas-cilindro\/#primaryimage","url":"https:\/\/www.alcentroceramica.com\/tienda\/wp-content\/uploads\/2020\/04\/AL_CENTRO_H-100.jpg","contentUrl":"https:\/\/www.alcentroceramica.com\/tienda\/wp-content\/uploads\/2020\/04\/AL_CENTRO_H-100.jpg","width":1024,"height":682},{"@type":"BreadcrumbList","@id":"https:\/\/www.alcentroceramica.com\/tienda\/producto\/set-tazas-cilindro\/#breadcrumb","itemListElement":[{"@type":"ListItem","position":1,"name":"Portada","item":"https:\/\/www.alcentroceramica.com\/tienda\/"},{"@type":"ListItem","position":2,"name":"Tienda","item":"https:\/\/www.alcentroceramica.com\/tienda\/"},{"@type":"ListItem","position":3,"name":"SET TAZAS CILINDRO"}]},{"@type":"WebSite","@id":"https:\/\/www.alcentroceramica.com\/tienda\/#website","url":"https:\/\/www.alcentroceramica.com\/tienda\/","name":"Al Centro Cer\u00e1mica","description":"Tienda de cer\u00e1mica artesanal mexicana","publisher":{"@id":"https:\/\/www.alcentroceramica.com\/tienda\/#organization"},"potentialAction":[{"@type":"SearchAction","target":{"@type":"EntryPoint","urlTemplate":"https:\/\/www.alcentroceramica.com\/tienda\/?s={search_term_string}"},"query-input":{"@type":"PropertyValueSpecification","valueRequired":true,"valueName":"search_term_string"}}],"inLanguage":"es"},{"@type":"Organization","@id":"https:\/\/www.alcentroceramica.com\/tienda\/#organization","name":"Al Centro Cer\u00e1mica","url":"https:\/\/www.alcentroceramica.com\/tienda\/","logo":{"@type":"ImageObject","inLanguage":"es","@id":"https:\/\/www.alcentroceramica.com\/tienda\/#\/schema\/logo\/image\/","url":"https:\/\/www.alcentroceramica.com\/tienda\/wp-content\/uploads\/2021\/12\/cropped-Logotipo_AlCentro.jpg","contentUrl":"https:\/\/www.alcentroceramica.com\/tienda\/wp-content\/uploads\/2021\/12\/cropped-Logotipo_AlCentro.jpg","width":512,"height":512,"caption":"Al Centro Cer\u00e1mica"},"image":{"@id":"https:\/\/www.alcentroceramica.com\/tienda\/#\/schema\/logo\/image\/"},"sameAs":["https:\/\/www.facebook.com\/alcentro.ceramica\/","https:\/\/www.instagram.com\/alcentro.ceramica\/","https:\/\/mx.pinterest.com\/alcentroceramica\/"]}]}},"_links":{"self":[{"href":"https:\/\/www.alcentroceramica.com\/tienda\/wp-json\/wp\/v2\/product\/74","targetHints":{"allow":["GET"]}}],"collection":[{"href":"https:\/\/www.alcentroceramica.com\/tienda\/wp-json\/wp\/v2\/product"}],"about":[{"href":"https:\/\/www.alcentroceramica.com\/tienda\/wp-json\/wp\/v2\/types\/product"}],"replies":[{"embeddable":true,"href":"https:\/\/www.alcentroceramica.com\/tienda\/wp-json\/wp\/v2\/comments?post=74"}],"version-history":[{"count":4,"href":"https:\/\/www.alcentroceramica.com\/tienda\/wp-json\/wp\/v2\/product\/74\/revisions"}],"predecessor-version":[{"id":3958,"href":"https:\/\/www.alcentroceramica.com\/tienda\/wp-json\/wp\/v2\/product\/74\/revisions\/3958"}],"wp:featuredmedia":[{"embeddable":true,"href":"https:\/\/www.alcentroceramica.com\/tienda\/wp-json\/wp\/v2\/media\/2483"}],"wp:attachment":[{"href":"https:\/\/www.alcentroceramica.com\/tienda\/wp-json\/wp\/v2\/media?parent=74"}],"wp:term":[{"taxonomy":"product_brand","embeddable":true,"href":"https:\/\/www.alcentroceramica.com\/tienda\/wp-json\/wp\/v2\/product_brand?post=74"},{"taxonomy":"product_cat","embeddable":true,"href":"https:\/\/www.alcentroceramica.com\/tienda\/wp-json\/wp\/v2\/product_cat?post=74"},{"taxonomy":"product_tag","embeddable":true,"href":"https:\/\/www.alcentroceramica.com\/tienda\/wp-json\/wp\/v2\/product_tag?post=74"},{"taxonomy":"woo-feed-brand","embeddable":true,"href":"https:\/\/www.alcentroceramica.com\/tienda\/wp-json\/wp\/v2\/woo-feed-brand?post=74"}],"curies":[{"name":"wp","href":"https:\/\/api.w.org\/{rel}","templated":true}]}}