{"id":4183,"date":"2026-04-25T23:55:07","date_gmt":"2026-04-26T05:55:07","guid":{"rendered":"https:\/\/www.alcentroceramica.com\/tienda\/?post_type=product&#038;p=4183"},"modified":"2026-04-24T14:48:08","modified_gmt":"2026-04-24T20:48:08","slug":"kit-sazon","status":"publish","type":"product","link":"https:\/\/www.alcentroceramica.com\/tienda\/producto\/kit-sazon\/","title":{"rendered":"Kit Saz\u00f3n"},"content":{"rendered":"<p>Si eres amante de la cocina y buscas piezas cer\u00e1micas que no solo sean funcionales, sino que aporten ese toque de calidez y artesan\u00eda a tu espacio, el Kit Saz\u00f3n es la soluci\u00f3n que estabas esperando.<\/p>\n<p>Este set de tres elementos est\u00e1 compuesto por una aceitera y una vinagrera de 300ml cada una, fabricadas a mano en cer\u00e1mica de alta temperatura con un acabado en terracota natural. La aceitera cuenta adem\u00e1s con una pr\u00e1ctica tapa de corcho que mantiene tu aceite protegido y a mano en todo momento.<\/p>\n<p>Junto a ellas, un porta ajos realizado tambi\u00e9n en cer\u00e1mica, pero esta vez sin esmaltar, para que tus dientes de ajo se conserven frescos y en perfectas condiciones. Su dise\u00f1o simple y atemporal lo convierte en el complemento perfecto para este kit.<\/p>\n<p>Estos recipientes cer\u00e1micos no solo cumplen una funci\u00f3n pr\u00e1ctica en tu cocina, sino que elevan la est\u00e9tica del espacio con su calidez artesanal. Su acabado en terracota natural los vuelve piezas vers\u00e1tiles que se integran a la perfecci\u00f3n en diferentes estilos de decoraci\u00f3n, desde cocinas r\u00fasticas hasta m\u00e1s contempor\u00e1neas.<\/p>\n<p>En Al Centro Cer\u00e1mica creemos que la cer\u00e1mica artesanal es el mejor aliado para crear esos ambientes acogedores y llenos de personalidad en la cocina. Y este Kit Saz\u00f3n es nuestra invitaci\u00f3n a que descubras toda la magia que puede aportar a tu espacio favorito del hogar.<\/p>\n","protected":false},"excerpt":{"rendered":"<p>Nuestro Kit Saz\u00f3n incluye tres elementos indispensables para tu cocina: una aceitera, una vinagrera y un pr\u00e1ctico porta ajos. Fabricados a mano en cer\u00e1mica de alta temperatura en un tono natural terracota, estos recipientes aportan un toque artesanal y funcional a tus espacios de cocina. Una opci\u00f3n ideal para organizar y decorar con estilo.<\/p>\n","protected":false},"featured_media":4184,"comment_status":"open","ping_status":"closed","template":"","meta":{"_links_to":"","_links_to_target":""},"product_brand":[],"product_cat":[21,91],"product_tag":[],"woo-feed-brand":[],"class_list":{"0":"post-4183","1":"product","2":"type-product","3":"status-publish","4":"has-post-thumbnail","6":"product_cat-accesorios-mesa","7":"product_cat-sets-especiales","9":"first","10":"instock","11":"shipping-taxable","12":"purchasable","13":"product-type-simple"},"yoast_head":"<!-- This site is optimized with the Yoast SEO plugin v27.1.1 - https:\/\/yoast.com\/product\/yoast-seo-wordpress\/ -->\n<title>Kit Saz\u00f3n - Al Centro Cer&aacute;mica<\/title>\n<meta name=\"robots\" content=\"index, follow, max-snippet:-1, max-image-preview:large, max-video-preview:-1\" \/>\n<link rel=\"canonical\" href=\"https:\/\/www.alcentroceramica.com\/tienda\/producto\/kit-sazon\/\" \/>\n<meta property=\"og:locale\" content=\"es_ES\" \/>\n<meta property=\"og:type\" content=\"article\" \/>\n<meta property=\"og:title\" content=\"Kit Saz\u00f3n - Al Centro Cer&aacute;mica\" \/>\n<meta property=\"og:description\" content=\"Nuestro Kit Saz\u00f3n incluye tres elementos indispensables para tu cocina: una aceitera, una vinagrera y un pr\u00e1ctico porta ajos. Fabricados a mano en cer\u00e1mica de alta temperatura en un tono natural terracota, estos recipientes aportan un toque artesanal y funcional a tus espacios de cocina. Una opci\u00f3n ideal para organizar y decorar con estilo.\" \/>\n<meta property=\"og:url\" content=\"https:\/\/www.alcentroceramica.com\/tienda\/producto\/kit-sazon\/\" \/>\n<meta property=\"og:site_name\" content=\"Al Centro Cer&aacute;mica\" \/>\n<meta property=\"article:publisher\" content=\"https:\/\/www.facebook.com\/alcentro.ceramica\/\" \/>\n<meta property=\"og:image\" content=\"https:\/\/www.alcentroceramica.com\/tienda\/wp-content\/uploads\/2026\/04\/IMG_0998.jpg\" \/>\n\t<meta property=\"og:image:width\" content=\"1000\" \/>\n\t<meta property=\"og:image:height\" content=\"1000\" \/>\n\t<meta property=\"og:image:type\" content=\"image\/jpeg\" \/>\n<meta name=\"twitter:card\" content=\"summary_large_image\" \/>\n<meta name=\"twitter:label1\" content=\"Tiempo de lectura\" \/>\n\t<meta name=\"twitter:data1\" content=\"2 minutos\" \/>\n<script type=\"application\/ld+json\" class=\"yoast-schema-graph\">{\"@context\":\"https:\/\/schema.org\",\"@graph\":[{\"@type\":\"WebPage\",\"@id\":\"https:\/\/www.alcentroceramica.com\/tienda\/producto\/kit-sazon\/\",\"url\":\"https:\/\/www.alcentroceramica.com\/tienda\/producto\/kit-sazon\/\",\"name\":\"Kit Saz\u00f3n - Al Centro Cer&aacute;mica\",\"isPartOf\":{\"@id\":\"https:\/\/www.alcentroceramica.com\/tienda\/#website\"},\"primaryImageOfPage\":{\"@id\":\"https:\/\/www.alcentroceramica.com\/tienda\/producto\/kit-sazon\/#primaryimage\"},\"image\":{\"@id\":\"https:\/\/www.alcentroceramica.com\/tienda\/producto\/kit-sazon\/#primaryimage\"},\"thumbnailUrl\":\"https:\/\/www.alcentroceramica.com\/tienda\/wp-content\/uploads\/2026\/04\/IMG_0998.jpg\",\"datePublished\":\"2026-04-26T05:55:07+00:00\",\"breadcrumb\":{\"@id\":\"https:\/\/www.alcentroceramica.com\/tienda\/producto\/kit-sazon\/#breadcrumb\"},\"inLanguage\":\"es\",\"potentialAction\":[{\"@type\":\"ReadAction\",\"target\":[\"https:\/\/www.alcentroceramica.com\/tienda\/producto\/kit-sazon\/\"]}]},{\"@type\":\"ImageObject\",\"inLanguage\":\"es\",\"@id\":\"https:\/\/www.alcentroceramica.com\/tienda\/producto\/kit-sazon\/#primaryimage\",\"url\":\"https:\/\/www.alcentroceramica.com\/tienda\/wp-content\/uploads\/2026\/04\/IMG_0998.jpg\",\"contentUrl\":\"https:\/\/www.alcentroceramica.com\/tienda\/wp-content\/uploads\/2026\/04\/IMG_0998.jpg\",\"width\":1000,\"height\":1000},{\"@type\":\"BreadcrumbList\",\"@id\":\"https:\/\/www.alcentroceramica.com\/tienda\/producto\/kit-sazon\/#breadcrumb\",\"itemListElement\":[{\"@type\":\"ListItem\",\"position\":1,\"name\":\"Portada\",\"item\":\"https:\/\/www.alcentroceramica.com\/tienda\/\"},{\"@type\":\"ListItem\",\"position\":2,\"name\":\"Tienda\",\"item\":\"https:\/\/www.alcentroceramica.com\/tienda\/\"},{\"@type\":\"ListItem\",\"position\":3,\"name\":\"Kit Saz\u00f3n\"}]},{\"@type\":\"WebSite\",\"@id\":\"https:\/\/www.alcentroceramica.com\/tienda\/#website\",\"url\":\"https:\/\/www.alcentroceramica.com\/tienda\/\",\"name\":\"Al Centro Cer\u00e1mica\",\"description\":\"Tienda de cer\u00e1mica artesanal mexicana\",\"publisher\":{\"@id\":\"https:\/\/www.alcentroceramica.com\/tienda\/#organization\"},\"potentialAction\":[{\"@type\":\"SearchAction\",\"target\":{\"@type\":\"EntryPoint\",\"urlTemplate\":\"https:\/\/www.alcentroceramica.com\/tienda\/?s={search_term_string}\"},\"query-input\":{\"@type\":\"PropertyValueSpecification\",\"valueRequired\":true,\"valueName\":\"search_term_string\"}}],\"inLanguage\":\"es\"},{\"@type\":\"Organization\",\"@id\":\"https:\/\/www.alcentroceramica.com\/tienda\/#organization\",\"name\":\"Al Centro Cer\u00e1mica\",\"url\":\"https:\/\/www.alcentroceramica.com\/tienda\/\",\"logo\":{\"@type\":\"ImageObject\",\"inLanguage\":\"es\",\"@id\":\"https:\/\/www.alcentroceramica.com\/tienda\/#\/schema\/logo\/image\/\",\"url\":\"https:\/\/www.alcentroceramica.com\/tienda\/wp-content\/uploads\/2021\/12\/cropped-Logotipo_AlCentro.jpg\",\"contentUrl\":\"https:\/\/www.alcentroceramica.com\/tienda\/wp-content\/uploads\/2021\/12\/cropped-Logotipo_AlCentro.jpg\",\"width\":512,\"height\":512,\"caption\":\"Al Centro Cer\u00e1mica\"},\"image\":{\"@id\":\"https:\/\/www.alcentroceramica.com\/tienda\/#\/schema\/logo\/image\/\"},\"sameAs\":[\"https:\/\/www.facebook.com\/alcentro.ceramica\/\",\"https:\/\/www.instagram.com\/alcentro.ceramica\/\",\"https:\/\/mx.pinterest.com\/alcentroceramica\/\"]}]}<\/script>\n<!-- \/ Yoast SEO plugin. -->","yoast_head_json":{"title":"Kit Saz\u00f3n - Al Centro Cer&aacute;mica","robots":{"index":"index","follow":"follow","max-snippet":"max-snippet:-1","max-image-preview":"max-image-preview:large","max-video-preview":"max-video-preview:-1"},"canonical":"https:\/\/www.alcentroceramica.com\/tienda\/producto\/kit-sazon\/","og_locale":"es_ES","og_type":"article","og_title":"Kit Saz\u00f3n - Al Centro Cer&aacute;mica","og_description":"Nuestro Kit Saz\u00f3n incluye tres elementos indispensables para tu cocina: una aceitera, una vinagrera y un pr\u00e1ctico porta ajos. Fabricados a mano en cer\u00e1mica de alta temperatura en un tono natural terracota, estos recipientes aportan un toque artesanal y funcional a tus espacios de cocina. Una opci\u00f3n ideal para organizar y decorar con estilo.","og_url":"https:\/\/www.alcentroceramica.com\/tienda\/producto\/kit-sazon\/","og_site_name":"Al Centro Cer&aacute;mica","article_publisher":"https:\/\/www.facebook.com\/alcentro.ceramica\/","og_image":[{"width":1000,"height":1000,"url":"https:\/\/www.alcentroceramica.com\/tienda\/wp-content\/uploads\/2026\/04\/IMG_0998.jpg","type":"image\/jpeg"}],"twitter_card":"summary_large_image","twitter_misc":{"Tiempo de lectura":"2 minutos"},"schema":{"@context":"https:\/\/schema.org","@graph":[{"@type":"WebPage","@id":"https:\/\/www.alcentroceramica.com\/tienda\/producto\/kit-sazon\/","url":"https:\/\/www.alcentroceramica.com\/tienda\/producto\/kit-sazon\/","name":"Kit Saz\u00f3n - Al Centro Cer&aacute;mica","isPartOf":{"@id":"https:\/\/www.alcentroceramica.com\/tienda\/#website"},"primaryImageOfPage":{"@id":"https:\/\/www.alcentroceramica.com\/tienda\/producto\/kit-sazon\/#primaryimage"},"image":{"@id":"https:\/\/www.alcentroceramica.com\/tienda\/producto\/kit-sazon\/#primaryimage"},"thumbnailUrl":"https:\/\/www.alcentroceramica.com\/tienda\/wp-content\/uploads\/2026\/04\/IMG_0998.jpg","datePublished":"2026-04-26T05:55:07+00:00","breadcrumb":{"@id":"https:\/\/www.alcentroceramica.com\/tienda\/producto\/kit-sazon\/#breadcrumb"},"inLanguage":"es","potentialAction":[{"@type":"ReadAction","target":["https:\/\/www.alcentroceramica.com\/tienda\/producto\/kit-sazon\/"]}]},{"@type":"ImageObject","inLanguage":"es","@id":"https:\/\/www.alcentroceramica.com\/tienda\/producto\/kit-sazon\/#primaryimage","url":"https:\/\/www.alcentroceramica.com\/tienda\/wp-content\/uploads\/2026\/04\/IMG_0998.jpg","contentUrl":"https:\/\/www.alcentroceramica.com\/tienda\/wp-content\/uploads\/2026\/04\/IMG_0998.jpg","width":1000,"height":1000},{"@type":"BreadcrumbList","@id":"https:\/\/www.alcentroceramica.com\/tienda\/producto\/kit-sazon\/#breadcrumb","itemListElement":[{"@type":"ListItem","position":1,"name":"Portada","item":"https:\/\/www.alcentroceramica.com\/tienda\/"},{"@type":"ListItem","position":2,"name":"Tienda","item":"https:\/\/www.alcentroceramica.com\/tienda\/"},{"@type":"ListItem","position":3,"name":"Kit Saz\u00f3n"}]},{"@type":"WebSite","@id":"https:\/\/www.alcentroceramica.com\/tienda\/#website","url":"https:\/\/www.alcentroceramica.com\/tienda\/","name":"Al Centro Cer\u00e1mica","description":"Tienda de cer\u00e1mica artesanal mexicana","publisher":{"@id":"https:\/\/www.alcentroceramica.com\/tienda\/#organization"},"potentialAction":[{"@type":"SearchAction","target":{"@type":"EntryPoint","urlTemplate":"https:\/\/www.alcentroceramica.com\/tienda\/?s={search_term_string}"},"query-input":{"@type":"PropertyValueSpecification","valueRequired":true,"valueName":"search_term_string"}}],"inLanguage":"es"},{"@type":"Organization","@id":"https:\/\/www.alcentroceramica.com\/tienda\/#organization","name":"Al Centro Cer\u00e1mica","url":"https:\/\/www.alcentroceramica.com\/tienda\/","logo":{"@type":"ImageObject","inLanguage":"es","@id":"https:\/\/www.alcentroceramica.com\/tienda\/#\/schema\/logo\/image\/","url":"https:\/\/www.alcentroceramica.com\/tienda\/wp-content\/uploads\/2021\/12\/cropped-Logotipo_AlCentro.jpg","contentUrl":"https:\/\/www.alcentroceramica.com\/tienda\/wp-content\/uploads\/2021\/12\/cropped-Logotipo_AlCentro.jpg","width":512,"height":512,"caption":"Al Centro Cer\u00e1mica"},"image":{"@id":"https:\/\/www.alcentroceramica.com\/tienda\/#\/schema\/logo\/image\/"},"sameAs":["https:\/\/www.facebook.com\/alcentro.ceramica\/","https:\/\/www.instagram.com\/alcentro.ceramica\/","https:\/\/mx.pinterest.com\/alcentroceramica\/"]}]}},"_links":{"self":[{"href":"https:\/\/www.alcentroceramica.com\/tienda\/wp-json\/wp\/v2\/product\/4183","targetHints":{"allow":["GET"]}}],"collection":[{"href":"https:\/\/www.alcentroceramica.com\/tienda\/wp-json\/wp\/v2\/product"}],"about":[{"href":"https:\/\/www.alcentroceramica.com\/tienda\/wp-json\/wp\/v2\/types\/product"}],"replies":[{"embeddable":true,"href":"https:\/\/www.alcentroceramica.com\/tienda\/wp-json\/wp\/v2\/comments?post=4183"}],"version-history":[{"count":1,"href":"https:\/\/www.alcentroceramica.com\/tienda\/wp-json\/wp\/v2\/product\/4183\/revisions"}],"predecessor-version":[{"id":4186,"href":"https:\/\/www.alcentroceramica.com\/tienda\/wp-json\/wp\/v2\/product\/4183\/revisions\/4186"}],"wp:featuredmedia":[{"embeddable":true,"href":"https:\/\/www.alcentroceramica.com\/tienda\/wp-json\/wp\/v2\/media\/4184"}],"wp:attachment":[{"href":"https:\/\/www.alcentroceramica.com\/tienda\/wp-json\/wp\/v2\/media?parent=4183"}],"wp:term":[{"taxonomy":"product_brand","embeddable":true,"href":"https:\/\/www.alcentroceramica.com\/tienda\/wp-json\/wp\/v2\/product_brand?post=4183"},{"taxonomy":"product_cat","embeddable":true,"href":"https:\/\/www.alcentroceramica.com\/tienda\/wp-json\/wp\/v2\/product_cat?post=4183"},{"taxonomy":"product_tag","embeddable":true,"href":"https:\/\/www.alcentroceramica.com\/tienda\/wp-json\/wp\/v2\/product_tag?post=4183"},{"taxonomy":"woo-feed-brand","embeddable":true,"href":"https:\/\/www.alcentroceramica.com\/tienda\/wp-json\/wp\/v2\/woo-feed-brand?post=4183"}],"curies":[{"name":"wp","href":"https:\/\/api.w.org\/{rel}","templated":true}]}}