{"id":3802,"date":"2026-02-09T18:05:23","date_gmt":"2026-02-10T00:05:23","guid":{"rendered":"https:\/\/www.alcentroceramica.com\/tienda\/?post_type=product&#038;p=3802"},"modified":"2026-03-12T16:33:13","modified_gmt":"2026-03-12T22:33:13","slug":"porta-vela-yoyo-2","status":"publish","type":"product","link":"https:\/\/www.alcentroceramica.com\/tienda\/producto\/porta-vela-yoyo-2\/","title":{"rendered":"PORTA VELA YOYO"},"content":{"rendered":"","protected":false},"excerpt":{"rendered":"<p>Porta velas de cer\u00e1mica apta para dos diferentes grosores de velas<\/p>\n<p>Dimensiones aproximadas: 8 cm di\u00e1metro x 5 cm altura<\/p>\n<p>Di\u00e1metro vela gruesa: 2.5 cm<\/p>\n<p>Di\u00e1metro vela delgada: 1 cm<\/p>\n","protected":false},"featured_media":3805,"comment_status":"open","ping_status":"closed","template":"","meta":{"_links_to":"","_links_to_target":""},"product_brand":[],"product_cat":[40],"product_tag":[],"woo-feed-brand":[],"class_list":{"0":"post-3802","1":"product","2":"type-product","3":"status-publish","4":"has-post-thumbnail","6":"product_cat-linea-terracota","7":"pa_color-terracota-claro","8":"pa_color-terracota-chocolate","10":"first","11":"instock","12":"shipping-taxable","13":"purchasable","14":"product-type-variable"},"yoast_head":"<!-- This site is optimized with the Yoast SEO plugin v27.1.1 - https:\/\/yoast.com\/product\/yoast-seo-wordpress\/ -->\n<title>PORTA VELA YOYO - Al Centro Cer&aacute;mica<\/title>\n<meta name=\"robots\" content=\"index, follow, max-snippet:-1, max-image-preview:large, max-video-preview:-1\" \/>\n<link rel=\"canonical\" href=\"https:\/\/www.alcentroceramica.com\/tienda\/producto\/porta-vela-yoyo-2\/\" \/>\n<meta property=\"og:locale\" content=\"es_ES\" \/>\n<meta property=\"og:type\" content=\"article\" \/>\n<meta property=\"og:title\" content=\"PORTA VELA YOYO - Al Centro Cer&aacute;mica\" \/>\n<meta property=\"og:description\" content=\"Porta velas de cer\u00e1mica apta para dos diferentes grosores de velas  Dimensiones aproximadas: 8 cm di\u00e1metro x 5 cm altura  Di\u00e1metro vela gruesa: 2.5 cm  Di\u00e1metro vela delgada: 1 cm\" \/>\n<meta property=\"og:url\" content=\"https:\/\/www.alcentroceramica.com\/tienda\/producto\/porta-vela-yoyo-2\/\" \/>\n<meta property=\"og:site_name\" content=\"Al Centro Cer&aacute;mica\" \/>\n<meta property=\"article:publisher\" content=\"https:\/\/www.facebook.com\/alcentro.ceramica\/\" \/>\n<meta property=\"article:modified_time\" content=\"2026-03-12T22:33:13+00:00\" \/>\n<meta property=\"og:image\" content=\"https:\/\/www.alcentroceramica.com\/tienda\/wp-content\/uploads\/2026\/02\/Porta-vela-yoyo-de-ceramica.jpg\" \/>\n\t<meta property=\"og:image:width\" content=\"667\" \/>\n\t<meta property=\"og:image:height\" content=\"1000\" \/>\n\t<meta property=\"og:image:type\" content=\"image\/jpeg\" \/>\n<meta name=\"twitter:card\" content=\"summary_large_image\" \/>\n<meta name=\"twitter:label1\" content=\"Tiempo de lectura\" \/>\n\t<meta name=\"twitter:data1\" content=\"1 minuto\" \/>\n<script type=\"application\/ld+json\" class=\"yoast-schema-graph\">{\"@context\":\"https:\/\/schema.org\",\"@graph\":[{\"@type\":\"WebPage\",\"@id\":\"https:\/\/www.alcentroceramica.com\/tienda\/producto\/porta-vela-yoyo-2\/\",\"url\":\"https:\/\/www.alcentroceramica.com\/tienda\/producto\/porta-vela-yoyo-2\/\",\"name\":\"PORTA VELA YOYO - Al Centro Cer&aacute;mica\",\"isPartOf\":{\"@id\":\"https:\/\/www.alcentroceramica.com\/tienda\/#website\"},\"primaryImageOfPage\":{\"@id\":\"https:\/\/www.alcentroceramica.com\/tienda\/producto\/porta-vela-yoyo-2\/#primaryimage\"},\"image\":{\"@id\":\"https:\/\/www.alcentroceramica.com\/tienda\/producto\/porta-vela-yoyo-2\/#primaryimage\"},\"thumbnailUrl\":\"https:\/\/www.alcentroceramica.com\/tienda\/wp-content\/uploads\/2026\/02\/Porta-vela-yoyo-de-ceramica.jpg\",\"datePublished\":\"2026-02-10T00:05:23+00:00\",\"dateModified\":\"2026-03-12T22:33:13+00:00\",\"breadcrumb\":{\"@id\":\"https:\/\/www.alcentroceramica.com\/tienda\/producto\/porta-vela-yoyo-2\/#breadcrumb\"},\"inLanguage\":\"es\",\"potentialAction\":[{\"@type\":\"ReadAction\",\"target\":[\"https:\/\/www.alcentroceramica.com\/tienda\/producto\/porta-vela-yoyo-2\/\"]}]},{\"@type\":\"ImageObject\",\"inLanguage\":\"es\",\"@id\":\"https:\/\/www.alcentroceramica.com\/tienda\/producto\/porta-vela-yoyo-2\/#primaryimage\",\"url\":\"https:\/\/www.alcentroceramica.com\/tienda\/wp-content\/uploads\/2026\/02\/Porta-vela-yoyo-de-ceramica.jpg\",\"contentUrl\":\"https:\/\/www.alcentroceramica.com\/tienda\/wp-content\/uploads\/2026\/02\/Porta-vela-yoyo-de-ceramica.jpg\",\"width\":667,\"height\":1000},{\"@type\":\"BreadcrumbList\",\"@id\":\"https:\/\/www.alcentroceramica.com\/tienda\/producto\/porta-vela-yoyo-2\/#breadcrumb\",\"itemListElement\":[{\"@type\":\"ListItem\",\"position\":1,\"name\":\"Portada\",\"item\":\"https:\/\/www.alcentroceramica.com\/tienda\/\"},{\"@type\":\"ListItem\",\"position\":2,\"name\":\"Tienda\",\"item\":\"https:\/\/www.alcentroceramica.com\/tienda\/\"},{\"@type\":\"ListItem\",\"position\":3,\"name\":\"PORTA VELA YOYO\"}]},{\"@type\":\"WebSite\",\"@id\":\"https:\/\/www.alcentroceramica.com\/tienda\/#website\",\"url\":\"https:\/\/www.alcentroceramica.com\/tienda\/\",\"name\":\"Al Centro Cer\u00e1mica\",\"description\":\"Tienda de cer\u00e1mica artesanal mexicana\",\"publisher\":{\"@id\":\"https:\/\/www.alcentroceramica.com\/tienda\/#organization\"},\"potentialAction\":[{\"@type\":\"SearchAction\",\"target\":{\"@type\":\"EntryPoint\",\"urlTemplate\":\"https:\/\/www.alcentroceramica.com\/tienda\/?s={search_term_string}\"},\"query-input\":{\"@type\":\"PropertyValueSpecification\",\"valueRequired\":true,\"valueName\":\"search_term_string\"}}],\"inLanguage\":\"es\"},{\"@type\":\"Organization\",\"@id\":\"https:\/\/www.alcentroceramica.com\/tienda\/#organization\",\"name\":\"Al Centro Cer\u00e1mica\",\"url\":\"https:\/\/www.alcentroceramica.com\/tienda\/\",\"logo\":{\"@type\":\"ImageObject\",\"inLanguage\":\"es\",\"@id\":\"https:\/\/www.alcentroceramica.com\/tienda\/#\/schema\/logo\/image\/\",\"url\":\"https:\/\/www.alcentroceramica.com\/tienda\/wp-content\/uploads\/2021\/12\/cropped-Logotipo_AlCentro.jpg\",\"contentUrl\":\"https:\/\/www.alcentroceramica.com\/tienda\/wp-content\/uploads\/2021\/12\/cropped-Logotipo_AlCentro.jpg\",\"width\":512,\"height\":512,\"caption\":\"Al Centro Cer\u00e1mica\"},\"image\":{\"@id\":\"https:\/\/www.alcentroceramica.com\/tienda\/#\/schema\/logo\/image\/\"},\"sameAs\":[\"https:\/\/www.facebook.com\/alcentro.ceramica\/\",\"https:\/\/www.instagram.com\/alcentro.ceramica\/\",\"https:\/\/mx.pinterest.com\/alcentroceramica\/\"]}]}<\/script>\n<!-- \/ Yoast SEO plugin. -->","yoast_head_json":{"title":"PORTA VELA YOYO - Al Centro Cer&aacute;mica","robots":{"index":"index","follow":"follow","max-snippet":"max-snippet:-1","max-image-preview":"max-image-preview:large","max-video-preview":"max-video-preview:-1"},"canonical":"https:\/\/www.alcentroceramica.com\/tienda\/producto\/porta-vela-yoyo-2\/","og_locale":"es_ES","og_type":"article","og_title":"PORTA VELA YOYO - Al Centro Cer&aacute;mica","og_description":"Porta velas de cer\u00e1mica apta para dos diferentes grosores de velas  Dimensiones aproximadas: 8 cm di\u00e1metro x 5 cm altura  Di\u00e1metro vela gruesa: 2.5 cm  Di\u00e1metro vela delgada: 1 cm","og_url":"https:\/\/www.alcentroceramica.com\/tienda\/producto\/porta-vela-yoyo-2\/","og_site_name":"Al Centro Cer&aacute;mica","article_publisher":"https:\/\/www.facebook.com\/alcentro.ceramica\/","article_modified_time":"2026-03-12T22:33:13+00:00","og_image":[{"width":667,"height":1000,"url":"https:\/\/www.alcentroceramica.com\/tienda\/wp-content\/uploads\/2026\/02\/Porta-vela-yoyo-de-ceramica.jpg","type":"image\/jpeg"}],"twitter_card":"summary_large_image","twitter_misc":{"Tiempo de lectura":"1 minuto"},"schema":{"@context":"https:\/\/schema.org","@graph":[{"@type":"WebPage","@id":"https:\/\/www.alcentroceramica.com\/tienda\/producto\/porta-vela-yoyo-2\/","url":"https:\/\/www.alcentroceramica.com\/tienda\/producto\/porta-vela-yoyo-2\/","name":"PORTA VELA YOYO - Al Centro Cer&aacute;mica","isPartOf":{"@id":"https:\/\/www.alcentroceramica.com\/tienda\/#website"},"primaryImageOfPage":{"@id":"https:\/\/www.alcentroceramica.com\/tienda\/producto\/porta-vela-yoyo-2\/#primaryimage"},"image":{"@id":"https:\/\/www.alcentroceramica.com\/tienda\/producto\/porta-vela-yoyo-2\/#primaryimage"},"thumbnailUrl":"https:\/\/www.alcentroceramica.com\/tienda\/wp-content\/uploads\/2026\/02\/Porta-vela-yoyo-de-ceramica.jpg","datePublished":"2026-02-10T00:05:23+00:00","dateModified":"2026-03-12T22:33:13+00:00","breadcrumb":{"@id":"https:\/\/www.alcentroceramica.com\/tienda\/producto\/porta-vela-yoyo-2\/#breadcrumb"},"inLanguage":"es","potentialAction":[{"@type":"ReadAction","target":["https:\/\/www.alcentroceramica.com\/tienda\/producto\/porta-vela-yoyo-2\/"]}]},{"@type":"ImageObject","inLanguage":"es","@id":"https:\/\/www.alcentroceramica.com\/tienda\/producto\/porta-vela-yoyo-2\/#primaryimage","url":"https:\/\/www.alcentroceramica.com\/tienda\/wp-content\/uploads\/2026\/02\/Porta-vela-yoyo-de-ceramica.jpg","contentUrl":"https:\/\/www.alcentroceramica.com\/tienda\/wp-content\/uploads\/2026\/02\/Porta-vela-yoyo-de-ceramica.jpg","width":667,"height":1000},{"@type":"BreadcrumbList","@id":"https:\/\/www.alcentroceramica.com\/tienda\/producto\/porta-vela-yoyo-2\/#breadcrumb","itemListElement":[{"@type":"ListItem","position":1,"name":"Portada","item":"https:\/\/www.alcentroceramica.com\/tienda\/"},{"@type":"ListItem","position":2,"name":"Tienda","item":"https:\/\/www.alcentroceramica.com\/tienda\/"},{"@type":"ListItem","position":3,"name":"PORTA VELA YOYO"}]},{"@type":"WebSite","@id":"https:\/\/www.alcentroceramica.com\/tienda\/#website","url":"https:\/\/www.alcentroceramica.com\/tienda\/","name":"Al Centro Cer\u00e1mica","description":"Tienda de cer\u00e1mica artesanal mexicana","publisher":{"@id":"https:\/\/www.alcentroceramica.com\/tienda\/#organization"},"potentialAction":[{"@type":"SearchAction","target":{"@type":"EntryPoint","urlTemplate":"https:\/\/www.alcentroceramica.com\/tienda\/?s={search_term_string}"},"query-input":{"@type":"PropertyValueSpecification","valueRequired":true,"valueName":"search_term_string"}}],"inLanguage":"es"},{"@type":"Organization","@id":"https:\/\/www.alcentroceramica.com\/tienda\/#organization","name":"Al Centro Cer\u00e1mica","url":"https:\/\/www.alcentroceramica.com\/tienda\/","logo":{"@type":"ImageObject","inLanguage":"es","@id":"https:\/\/www.alcentroceramica.com\/tienda\/#\/schema\/logo\/image\/","url":"https:\/\/www.alcentroceramica.com\/tienda\/wp-content\/uploads\/2021\/12\/cropped-Logotipo_AlCentro.jpg","contentUrl":"https:\/\/www.alcentroceramica.com\/tienda\/wp-content\/uploads\/2021\/12\/cropped-Logotipo_AlCentro.jpg","width":512,"height":512,"caption":"Al Centro Cer\u00e1mica"},"image":{"@id":"https:\/\/www.alcentroceramica.com\/tienda\/#\/schema\/logo\/image\/"},"sameAs":["https:\/\/www.facebook.com\/alcentro.ceramica\/","https:\/\/www.instagram.com\/alcentro.ceramica\/","https:\/\/mx.pinterest.com\/alcentroceramica\/"]}]}},"_links":{"self":[{"href":"https:\/\/www.alcentroceramica.com\/tienda\/wp-json\/wp\/v2\/product\/3802","targetHints":{"allow":["GET"]}}],"collection":[{"href":"https:\/\/www.alcentroceramica.com\/tienda\/wp-json\/wp\/v2\/product"}],"about":[{"href":"https:\/\/www.alcentroceramica.com\/tienda\/wp-json\/wp\/v2\/types\/product"}],"replies":[{"embeddable":true,"href":"https:\/\/www.alcentroceramica.com\/tienda\/wp-json\/wp\/v2\/comments?post=3802"}],"version-history":[{"count":2,"href":"https:\/\/www.alcentroceramica.com\/tienda\/wp-json\/wp\/v2\/product\/3802\/revisions"}],"predecessor-version":[{"id":3815,"href":"https:\/\/www.alcentroceramica.com\/tienda\/wp-json\/wp\/v2\/product\/3802\/revisions\/3815"}],"wp:featuredmedia":[{"embeddable":true,"href":"https:\/\/www.alcentroceramica.com\/tienda\/wp-json\/wp\/v2\/media\/3805"}],"wp:attachment":[{"href":"https:\/\/www.alcentroceramica.com\/tienda\/wp-json\/wp\/v2\/media?parent=3802"}],"wp:term":[{"taxonomy":"product_brand","embeddable":true,"href":"https:\/\/www.alcentroceramica.com\/tienda\/wp-json\/wp\/v2\/product_brand?post=3802"},{"taxonomy":"product_cat","embeddable":true,"href":"https:\/\/www.alcentroceramica.com\/tienda\/wp-json\/wp\/v2\/product_cat?post=3802"},{"taxonomy":"product_tag","embeddable":true,"href":"https:\/\/www.alcentroceramica.com\/tienda\/wp-json\/wp\/v2\/product_tag?post=3802"},{"taxonomy":"woo-feed-brand","embeddable":true,"href":"https:\/\/www.alcentroceramica.com\/tienda\/wp-json\/wp\/v2\/woo-feed-brand?post=3802"}],"curies":[{"name":"wp","href":"https:\/\/api.w.org\/{rel}","templated":true}]}}